{"id":6,"date":"2017-12-19T11:32:38","date_gmt":"2017-12-19T11:32:38","guid":{"rendered":"http:\/\/philippscheucher.com\/?page_id=6"},"modified":"2025-12-28T13:26:59","modified_gmt":"2025-12-28T13:26:59","slug":"bio","status":"publish","type":"page","link":"https:\/\/philippscheucher.com\/en\/bio\/","title":{"rendered":"Bio"},"content":{"rendered":"<div data-elementor-type=\"wp-page\" data-elementor-id=\"6\" class=\"elementor elementor-6\">\n\t\t\t\t\t\t<section class=\"elementor-section elementor-top-section elementor-element elementor-element-20f2b92 elementor-section-boxed elementor-section-height-default elementor-section-height-default elementor-invisible\" data-id=\"20f2b92\" data-element_type=\"section\" data-settings=\"{&quot;animation&quot;:&quot;fadeInLeft&quot;}\">\n\t\t\t\t\t\t<div class=\"elementor-container elementor-column-gap-default\">\n\t\t\t\t\t<div class=\"elementor-column elementor-col-100 elementor-top-column elementor-element elementor-element-871634e\" data-id=\"871634e\" data-element_type=\"column\">\n\t\t\t<div class=\"elementor-widget-wrap elementor-element-populated\">\n\t\t\t\t\t\t<div class=\"elementor-element elementor-element-a380d19 elementor-widget elementor-widget-testimonial\" data-id=\"a380d19\" data-element_type=\"widget\" data-widget_type=\"testimonial.default\">\n\t\t\t\t<div class=\"elementor-widget-container\">\n\t\t\t\t\t\t\t<div class=\"elementor-testimonial-wrapper\">\n\t\t\t\t\t\t\t<div class=\"elementor-testimonial-content\">\u201cHis musical interpretations, combined with his\npassionate playing, radiate such immense power that they pierce straight through the listener. Through Scheucher\u2019s fascinating interaction with sound, an almost otherworldly sonic dimension emerges \u2013 one rarely experienced before.\u201d<\/div>\n\t\t\t\n\t\t\t\t\t\t<div class=\"elementor-testimonial-meta\">\n\t\t\t\t<div class=\"elementor-testimonial-meta-inner\">\n\t\t\t\t\t\n\t\t\t\t\t\t\t\t\t\t<div class=\"elementor-testimonial-details\">\n\t\t\t\t\t\t\t\t\t\t\t\t\t\t<div class=\"elementor-testimonial-name\">- OnlineMerker<\/div>\n\t\t\t\t\t\t\t\t\t\t\t\t\t\t\t\t\t\t\t<\/div>\n\t\t\t\t\t\t\t\t\t<\/div>\n\t\t\t<\/div>\n\t\t\t\t\t<\/div>\n\t\t\t\t\t\t<\/div>\n\t\t\t\t<\/div>\n\t\t\t\t\t<\/div>\n\t\t<\/div>\n\t\t\t\t\t<\/div>\n\t\t<\/section>\n\t\t\t\t<section class=\"elementor-section elementor-top-section elementor-element elementor-element-ef66ea1 elementor-section-boxed elementor-section-height-default elementor-section-height-default elementor-invisible\" data-id=\"ef66ea1\" data-element_type=\"section\" data-settings=\"{&quot;animation&quot;:&quot;fadeInRight&quot;}\">\n\t\t\t\t\t\t<div class=\"elementor-container elementor-column-gap-default\">\n\t\t\t\t\t<div class=\"elementor-column elementor-col-100 elementor-top-column elementor-element elementor-element-fc87e06\" data-id=\"fc87e06\" data-element_type=\"column\">\n\t\t\t<div class=\"elementor-widget-wrap elementor-element-populated\">\n\t\t\t\t\t\t<div class=\"elementor-element elementor-element-8ad3005 elementor-widget elementor-widget-image\" data-id=\"8ad3005\" data-element_type=\"widget\" data-widget_type=\"image.default\">\n\t\t\t\t<div class=\"elementor-widget-container\">\n\t\t\t\t\t\t\t\t\t\t\t\t<figure class=\"wp-caption\">\n\t\t\t\t\t\t\t\t\t\t<img fetchpriority=\"high\" decoding=\"async\" width=\"740\" height=\"493\" src=\"https:\/\/philippscheucher.com\/wp-content\/uploads\/2025\/01\/c-Andrej-Grilc-04265.jpg\" class=\"attachment-medium_large size-medium_large wp-image-2746\" alt=\"\" sizes=\"100vw\" \/>\t\t\t\t\t\t\t\t\t\t\t<figcaption class=\"widget-image-caption wp-caption-text\">\u00a9 Andrej Grilc<\/figcaption>\n\t\t\t\t\t\t\t\t\t\t<\/figure>\n\t\t\t\t\t\t\t\t\t<\/div>\n\t\t\t\t<\/div>\n\t\t\t\t\t<\/div>\n\t\t<\/div>\n\t\t\t\t\t<\/div>\n\t\t<\/section>\n\t\t\t\t<section class=\"elementor-section elementor-top-section elementor-element elementor-element-6d09c15 elementor-section-boxed elementor-section-height-default elementor-section-height-default elementor-invisible\" data-id=\"6d09c15\" data-element_type=\"section\" data-settings=\"{&quot;animation&quot;:&quot;fadeInLeft&quot;}\">\n\t\t\t\t\t\t<div class=\"elementor-container elementor-column-gap-default\">\n\t\t\t\t\t<div class=\"elementor-column elementor-col-100 elementor-top-column elementor-element elementor-element-8eca471\" data-id=\"8eca471\" data-element_type=\"column\">\n\t\t\t<div class=\"elementor-widget-wrap elementor-element-populated\">\n\t\t\t\t\t\t<div class=\"elementor-element elementor-element-0c6dadb elementor-widget elementor-widget-text-editor\" data-id=\"0c6dadb\" data-element_type=\"widget\" data-widget_type=\"text-editor.default\">\n\t\t\t\t<div class=\"elementor-widget-container\">\n\t\t\t\t\t\t\t\t\t<p style=\"text-align: left;\" class=\"translation-block\">Austrian pianist Philipp Scheucher ranks among the most distinctive musical personalities of his\ngeneration. With his natural charisma, radiant\npresence, and infectious joy of playing, he captivates audiences around the world. His concerts have taken him to many of the world\u2019s leading venues, including Hamburg\u2019s Elbphilharmonie, the Golden Hall of the Vienna Musikverein, and the Konzerthaus Berlin.<\/p><p class=\"translation-block\">He is also a welcome guest at international festivals such as the styriarte, the Copenhagen Summer Festival, and the Heidelberger Fr\u00fchling, among many others. His artistic activity spans solo recitals, chamber music collaborations, and orchestral performances across five continents \u2013 including appearances in Japan, South Africa, Canada, Brazil, Russia, China, and the United States.<\/p><p class=\"translation-block\">Scheucher completed his master\u2019s degree with distinction under Markus Schirmer at the University of Music and Performing Arts Graz, earning recognition from the Austrian Federal Ministry of Education, Science and Research as one of the country\u2019s top 50 graduates. Further studies led him to Ilja Scheps at the University of Music and Dance Cologne (Konzertexamen) and to an Artist Diploma at London\u2019s Royal College of Music, where he worked with Dorian Leljak and Ian Jones.<\/p><p class=\"translation-block\">As a passionate educator, Philipp Scheucher made a lasting impact as a lecturer at the Johann-Joseph-Fux Conservatory in Graz and within the Young Academy Styria (YAS). He regularly teaches international masterclasses in South Africa, Japan, Brazil, Austria, and Germany, continuing his artistic-pedagogical work at a high level. Since autumn 2025, he has been a faculty member at the <b>Anton Bruckner University Linz<\/b>.<\/p><p class=\"translation-block\">Since 2022, Scheucher has also been a member of <b><a href=\"https:\/\/www.symphoniacs.com\/\" target=\"_blank\" rel=\"noopener\">SYMPHONIACS<\/a><\/b>, an innovative Berlin-based collective that fuses classical music with electronic club culture in a truly electrifying way.<\/p><p class=\"translation-block\">A multiple prizewinner at national and international competitions, Scheucher achieved major success with the Second Prize at the International Beethoven Competition Vienna and the Beethoven-Haus Prize Bonn.<\/p><p>His discography began with his solo debut album Quasi Fantasia (2019), followed by the double album Concert ap\u00e9ritif du Piano and the acclaimed BEETHOVEN album (Naxos, 2022). His latest release, ODYSSEY (2025), recorded with Franco-Dutch violinist Cosima Soulez Larivi\u00e8re, has received multiple awards and enthusiastic international reviews.<\/p><p>Philipp Scheucher is an official <strong><a href=\"https:\/\/www.boesendorfer.com\/de\" target=\"_blank\" rel=\"noopener\"><b><a href=\"https:\/\/www.boesendorfer.com\/en\" target=\"_blank\" rel=\"noopener\">B\u00f6sendorfer Artist<\/a><\/b><\/a><\/strong>.<\/p>\t\t\t\t\t\t\t\t<\/div>\n\t\t\t\t<\/div>\n\t\t\t\t\t<\/div>\n\t\t<\/div>\n\t\t\t\t\t<\/div>\n\t\t<\/section>\n\t\t\t\t<section class=\"elementor-section elementor-top-section elementor-element elementor-element-08cee51 elementor-section-boxed elementor-section-height-default elementor-section-height-default elementor-invisible\" data-id=\"08cee51\" data-element_type=\"section\" data-settings=\"{&quot;animation&quot;:&quot;fadeInLeft&quot;}\">\n\t\t\t\t\t\t<div class=\"elementor-container elementor-column-gap-default\">\n\t\t\t\t\t<div class=\"elementor-column elementor-col-100 elementor-top-column elementor-element elementor-element-064feb4\" data-id=\"064feb4\" data-element_type=\"column\">\n\t\t\t<div class=\"elementor-widget-wrap elementor-element-populated\">\n\t\t\t\t\t\t<div class=\"elementor-element elementor-element-d126bbb elementor-widget elementor-widget-text-editor\" data-id=\"d126bbb\" data-element_type=\"widget\" data-widget_type=\"text-editor.default\">\n\t\t\t\t<div class=\"elementor-widget-container\">\n\t\t\t\t\t\t\t\t\t<p class=\"translation-block\"><span style=\"font-family: helvetica, arial, sans-serif\">Download the Bio in long and short version (or through \u201e<a href=\"https:\/\/philippscheucher.com\/en\/downloads\/\" target=\"_self\">Downloads<\/a>\u201e) here:<\/span><\/p>\t\t\t\t\t\t\t\t<\/div>\n\t\t\t\t<\/div>\n\t\t\t\t\t<\/div>\n\t\t<\/div>\n\t\t\t\t\t<\/div>\n\t\t<\/section>\n\t\t\t\t<section class=\"elementor-section elementor-top-section elementor-element elementor-element-90207b1 elementor-section-boxed elementor-section-height-default elementor-section-height-default elementor-invisible\" data-id=\"90207b1\" data-element_type=\"section\" data-settings=\"{&quot;animation&quot;:&quot;fadeInUp&quot;}\">\n\t\t\t\t\t\t<div class=\"elementor-container elementor-column-gap-default\">\n\t\t\t\t\t<div class=\"elementor-column elementor-col-100 elementor-top-column elementor-element elementor-element-6b45773\" data-id=\"6b45773\" data-element_type=\"column\">\n\t\t\t<div class=\"elementor-widget-wrap elementor-element-populated\">\n\t\t\t\t\t\t<div class=\"elementor-element elementor-element-2c5df3a elementor-widget elementor-widget-text-editor\" data-id=\"2c5df3a\" data-element_type=\"widget\" data-widget_type=\"text-editor.default\">\n\t\t\t\t<div class=\"elementor-widget-container\">\n\t\t\t\t\t\t\t\t\t<p>\n<table id=\"tablepress-7\" class=\"tablepress tablepress-id-7 tablepress-responsive\">\n<tbody class=\"row-striping row-hover\">\n<tr class=\"row-1\">\n\t<td class=\"column-1\">Lebenslauf (lang)<\/td><td class=\"column-2\">.PDF<\/td><td class=\"column-3\">\u00a9 Philipp Scheucher<\/td><td class=\"column-4\"><a href=\"http:\/\/philippscheucher.com\/wp-content\/uploads\/2022\/12\/Bio-Philipp-Scheucher-2023_long_DE.pdf\" rel=\"noopener\" target=\"_blank\">Anzeigen ><\/a><\/td><td class=\"column-5\"><a href=\"http:\/\/philippscheucher.com\/wp-content\/uploads\/2022\/12\/Bio-Philipp-Scheucher-2023_long_DE.pdf\">Download ><\/a><\/td>\n<\/tr>\n<tr class=\"row-2\">\n\t<td class=\"column-1\">Lebenslauf (250 W\u00f6rter)<\/td><td class=\"column-2\">.PDF<\/td><td class=\"column-3\">\u00a9 Philipp Scheucher<\/td><td class=\"column-4\"><a href=\"http:\/\/philippscheucher.com\/wp-content\/uploads\/2022\/12\/Bio-Philipp-Scheucher-2023_250words_DE.pdf\" rel=\"noopener\" target=\"_blank\">Anzeigen ><\/a><\/td><td class=\"column-5\"><a href=\"http:\/\/philippscheucher.com\/wp-content\/uploads\/2022\/12\/Bio-Philipp-Scheucher-2023_250words_DE.pdf\">Download ><\/a><\/td>\n<\/tr>\n<\/tbody>\n<\/table>\n<\/p>\t\t\t\t\t\t\t\t<\/div>\n\t\t\t\t<\/div>\n\t\t\t\t\t<\/div>\n\t\t<\/div>\n\t\t\t\t\t<\/div>\n\t\t<\/section>\n\t\t\t\t<\/div>","protected":false},"excerpt":{"rendered":"<p>\u201eSeine musikalischen Interpretationen sind neben seiner Leidenschaft zum Spiel von einer derart geballten Kraft, die dem Zuh\u00f6rer durch Mark und Bein geht. Durch Scheuchers faszinierendes Spiel mit den T\u00f6nen wird ein \u00fcberdimensionaler Klangk\u00f6rper erzeugt, wie man ihn selten zuvor geh\u00f6rt hat.&#8220; &#8211; OnlineMerker \u00a9 Andrej Grilc Der \u00f6sterreichische Pianist Philipp Scheucher geh\u00f6rt zu den markantesten &hellip; <\/p>\n<p class=\"link-more\"><a href=\"https:\/\/philippscheucher.com\/en\/bio\/\" class=\"more-link\">Continue reading<span class=\"screen-reader-text\"> &#8222;Bio&#8220;<\/span><\/a><\/p>","protected":false},"author":1,"featured_media":0,"parent":0,"menu_order":0,"comment_status":"closed","ping_status":"closed","template":"","meta":{"footnotes":""},"class_list":["post-6","page","type-page","status-publish","hentry"],"_links":{"self":[{"href":"https:\/\/philippscheucher.com\/en\/wp-json\/wp\/v2\/pages\/6","targetHints":{"allow":["GET"]}}],"collection":[{"href":"https:\/\/philippscheucher.com\/en\/wp-json\/wp\/v2\/pages"}],"about":[{"href":"https:\/\/philippscheucher.com\/en\/wp-json\/wp\/v2\/types\/page"}],"author":[{"embeddable":true,"href":"https:\/\/philippscheucher.com\/en\/wp-json\/wp\/v2\/users\/1"}],"replies":[{"embeddable":true,"href":"https:\/\/philippscheucher.com\/en\/wp-json\/wp\/v2\/comments?post=6"}],"version-history":[{"count":31,"href":"https:\/\/philippscheucher.com\/en\/wp-json\/wp\/v2\/pages\/6\/revisions"}],"predecessor-version":[{"id":3090,"href":"https:\/\/philippscheucher.com\/en\/wp-json\/wp\/v2\/pages\/6\/revisions\/3090"}],"wp:attachment":[{"href":"https:\/\/philippscheucher.com\/en\/wp-json\/wp\/v2\/media?parent=6"}],"curies":[{"name":"wp","href":"https:\/\/api.w.org\/{rel}","templated":true}]}}