{"id":7,"date":"2017-12-19T11:32:38","date_gmt":"2017-12-19T11:32:38","guid":{"rendered":"http:\/\/philippscheucher.com\/?page_id=7"},"modified":"2025-12-28T13:05:51","modified_gmt":"2025-12-28T13:05:51","slug":"downloads","status":"publish","type":"page","link":"https:\/\/philippscheucher.com\/en\/downloads\/","title":{"rendered":"Downloads"},"content":{"rendered":"<div data-elementor-type=\"wp-page\" data-elementor-id=\"7\" class=\"elementor elementor-7\">\n\t\t\t\t\t\t<section class=\"elementor-section elementor-top-section elementor-element elementor-element-1d42291c elementor-section-boxed elementor-section-height-default elementor-section-height-default elementor-invisible\" data-id=\"1d42291c\" data-element_type=\"section\" data-settings=\"{&quot;animation&quot;:&quot;fadeInUp&quot;}\">\n\t\t\t\t\t\t<div class=\"elementor-container elementor-column-gap-default\">\n\t\t\t\t\t<div class=\"elementor-column elementor-col-100 elementor-top-column elementor-element elementor-element-1cb16501\" data-id=\"1cb16501\" data-element_type=\"column\">\n\t\t\t<div class=\"elementor-widget-wrap elementor-element-populated\">\n\t\t\t\t\t\t<div class=\"elementor-element elementor-element-31419e2e elementor-widget elementor-widget-text-editor\" data-id=\"31419e2e\" data-element_type=\"widget\" data-widget_type=\"text-editor.default\">\n\t\t\t\t<div class=\"elementor-widget-container\">\n\t\t\t\t\t\t\t\t\t<p>\n<table id=\"tablepress-7\" class=\"tablepress tablepress-id-7 tablepress-responsive\">\n<tbody class=\"row-striping row-hover\">\n<tr class=\"row-1\">\n\t<td class=\"column-1\">Lebenslauf (lang)<\/td><td class=\"column-2\">.PDF<\/td><td class=\"column-3\">\u00a9 Philipp Scheucher<\/td><td class=\"column-4\"><a href=\"http:\/\/philippscheucher.com\/wp-content\/uploads\/2022\/12\/Bio-Philipp-Scheucher-2023_long_DE.pdf\" rel=\"noopener\" target=\"_blank\">Anzeigen ><\/a><\/td><td class=\"column-5\"><a href=\"http:\/\/philippscheucher.com\/wp-content\/uploads\/2022\/12\/Bio-Philipp-Scheucher-2023_long_DE.pdf\">Download ><\/a><\/td>\n<\/tr>\n<tr class=\"row-2\">\n\t<td class=\"column-1\">Lebenslauf (250 W\u00f6rter)<\/td><td class=\"column-2\">.PDF<\/td><td class=\"column-3\">\u00a9 Philipp Scheucher<\/td><td class=\"column-4\"><a href=\"http:\/\/philippscheucher.com\/wp-content\/uploads\/2022\/12\/Bio-Philipp-Scheucher-2023_250words_DE.pdf\" rel=\"noopener\" target=\"_blank\">Anzeigen ><\/a><\/td><td class=\"column-5\"><a href=\"http:\/\/philippscheucher.com\/wp-content\/uploads\/2022\/12\/Bio-Philipp-Scheucher-2023_250words_DE.pdf\">Download ><\/a><\/td>\n<\/tr>\n<\/tbody>\n<\/table>\n<\/p>\t\t\t\t\t\t\t\t<\/div>\n\t\t\t\t<\/div>\n\t\t\t\t\t<\/div>\n\t\t<\/div>\n\t\t\t\t\t<\/div>\n\t\t<\/section>\n\t\t\t\t<section class=\"elementor-section elementor-top-section elementor-element elementor-element-35651d9 elementor-section-boxed elementor-section-height-default elementor-section-height-default elementor-invisible\" data-id=\"35651d9\" data-element_type=\"section\" data-settings=\"{&quot;animation&quot;:&quot;fadeInUp&quot;}\">\n\t\t\t\t\t\t<div class=\"elementor-container elementor-column-gap-default\">\n\t\t\t\t\t<div class=\"elementor-column elementor-col-100 elementor-top-column elementor-element elementor-element-ec6883b\" data-id=\"ec6883b\" data-element_type=\"column\">\n\t\t\t<div class=\"elementor-widget-wrap elementor-element-populated\">\n\t\t\t\t\t\t<div class=\"elementor-element elementor-element-4fb3dae gallery-spacing-custom elementor-widget elementor-widget-image-gallery\" data-id=\"4fb3dae\" data-element_type=\"widget\" data-widget_type=\"image-gallery.default\">\n\t\t\t\t<div class=\"elementor-widget-container\">\n\t\t\t\t\t\t\t<div class=\"elementor-image-gallery\">\n\t\t\t<div id='gallery-1' class='gallery galleryid-7 gallery-columns-3 gallery-size-thumbnail'><figure class='gallery-item'>\n\t\t\t<div class='gallery-icon landscape'>\n\t\t\t\t<a data-elementor-open-lightbox=\"yes\" data-elementor-lightbox-slideshow=\"4fb3dae\" data-elementor-lightbox-title=\"philipp scheucher (c) Andrej Grilc-01705\" data-elementor-lightbox-description=\"\u00a9 Andrej Grilc\" data-e-action-hash=\"#elementor-action%3Aaction%3Dlightbox%26settings%3DeyJpZCI6MTkzMiwidXJsIjoiaHR0cHM6XC9cL3BoaWxpcHBzY2hldWNoZXIuY29tXC93cC1jb250ZW50XC91cGxvYWRzXC8yMDIyXC8xMlwvYy1BbmRyZWotR3JpbGMtMDE3MDUtc2NhbGVkLmpwZyIsInNsaWRlc2hvdyI6IjRmYjNkYWUifQ%3D%3D\" href='https:\/\/philippscheucher.com\/wp-content\/uploads\/2022\/12\/c-Andrej-Grilc-01705-scaled.jpg'><img decoding=\"async\" width=\"150\" height=\"150\" data-src=\"https:\/\/philippscheucher.com\/wp-content\/uploads\/2022\/12\/c-Andrej-Grilc-01705-150x150.jpg\" class=\"attachment-thumbnail size-thumbnail lazyload\" alt=\"\" aria-describedby=\"gallery-1-1932\" data-srcset=\"https:\/\/philippscheucher.com\/wp-content\/uploads\/2022\/12\/c-Andrej-Grilc-01705-150x150.jpg 150w, https:\/\/philippscheucher.com\/wp-content\/uploads\/2022\/12\/c-Andrej-Grilc-01705-100x100.jpg 100w, https:\/\/philippscheucher.com\/wp-content\/uploads\/2022\/12\/c-Andrej-Grilc-01705-250x250.jpg 250w\" data-sizes=\"100vw\" src=\"data:image\/svg+xml;base64,PHN2ZyB3aWR0aD0iMSIgaGVpZ2h0PSIxIiB4bWxucz0iaHR0cDovL3d3dy53My5vcmcvMjAwMC9zdmciPjwvc3ZnPg==\" style=\"--smush-placeholder-width: 150px; --smush-placeholder-aspect-ratio: 150\/150;\" \/><\/a>\n\t\t\t<\/div>\n\t\t\t\t<figcaption class='wp-caption-text gallery-caption' id='gallery-1-1932'>\n\t\t\t\t\u00a9 Andrej Grilc\n\t\t\t\t<\/figcaption><\/figure><figure class='gallery-item'>\n\t\t\t<div class='gallery-icon landscape'>\n\t\t\t\t<a data-elementor-open-lightbox=\"yes\" data-elementor-lightbox-slideshow=\"4fb3dae\" data-elementor-lightbox-title=\"philipp scheucher (c) Andrej Grilc-01042\" data-elementor-lightbox-description=\"\u00a9 Andrej Grilc\" data-e-action-hash=\"#elementor-action%3Aaction%3Dlightbox%26settings%3DeyJpZCI6MTkyOSwidXJsIjoiaHR0cHM6XC9cL3BoaWxpcHBzY2hldWNoZXIuY29tXC93cC1jb250ZW50XC91cGxvYWRzXC8yMDIyXC8xMlwvYy1BbmRyZWotR3JpbGMtMDEwNDItc2NhbGVkLmpwZyIsInNsaWRlc2hvdyI6IjRmYjNkYWUifQ%3D%3D\" href='https:\/\/philippscheucher.com\/wp-content\/uploads\/2022\/12\/c-Andrej-Grilc-01042-scaled.jpg'><img decoding=\"async\" width=\"150\" height=\"150\" data-src=\"https:\/\/philippscheucher.com\/wp-content\/uploads\/2022\/12\/c-Andrej-Grilc-01042-150x150.jpg\" class=\"attachment-thumbnail size-thumbnail lazyload\" alt=\"\" aria-describedby=\"gallery-1-1929\" data-srcset=\"https:\/\/philippscheucher.com\/wp-content\/uploads\/2022\/12\/c-Andrej-Grilc-01042-150x150.jpg 150w, https:\/\/philippscheucher.com\/wp-content\/uploads\/2022\/12\/c-Andrej-Grilc-01042-100x100.jpg 100w, https:\/\/philippscheucher.com\/wp-content\/uploads\/2022\/12\/c-Andrej-Grilc-01042-250x250.jpg 250w\" data-sizes=\"100vw\" src=\"data:image\/svg+xml;base64,PHN2ZyB3aWR0aD0iMSIgaGVpZ2h0PSIxIiB4bWxucz0iaHR0cDovL3d3dy53My5vcmcvMjAwMC9zdmciPjwvc3ZnPg==\" style=\"--smush-placeholder-width: 150px; --smush-placeholder-aspect-ratio: 150\/150;\" \/><\/a>\n\t\t\t<\/div>\n\t\t\t\t<figcaption class='wp-caption-text gallery-caption' id='gallery-1-1929'>\n\t\t\t\t\u00a9 Andrej Grilc\n\t\t\t\t<\/figcaption><\/figure><figure class='gallery-item'>\n\t\t\t<div class='gallery-icon landscape'>\n\t\t\t\t<a data-elementor-open-lightbox=\"yes\" data-elementor-lightbox-slideshow=\"4fb3dae\" data-elementor-lightbox-title=\"philipp scheucher (c) Andrej Grilc-01537\" data-elementor-lightbox-description=\"\u00a9 Andrej Grilc\" data-e-action-hash=\"#elementor-action%3Aaction%3Dlightbox%26settings%3DeyJpZCI6MTkzMCwidXJsIjoiaHR0cHM6XC9cL3BoaWxpcHBzY2hldWNoZXIuY29tXC93cC1jb250ZW50XC91cGxvYWRzXC8yMDIyXC8xMlwvYy1BbmRyZWotR3JpbGMtMDE1Mzctc2NhbGVkLmpwZyIsInNsaWRlc2hvdyI6IjRmYjNkYWUifQ%3D%3D\" href='https:\/\/philippscheucher.com\/wp-content\/uploads\/2022\/12\/c-Andrej-Grilc-01537-scaled.jpg'><img decoding=\"async\" width=\"150\" height=\"150\" data-src=\"https:\/\/philippscheucher.com\/wp-content\/uploads\/2022\/12\/c-Andrej-Grilc-01537-150x150.jpg\" class=\"attachment-thumbnail size-thumbnail lazyload\" alt=\"\" aria-describedby=\"gallery-1-1930\" data-srcset=\"https:\/\/philippscheucher.com\/wp-content\/uploads\/2022\/12\/c-Andrej-Grilc-01537-150x150.jpg 150w, https:\/\/philippscheucher.com\/wp-content\/uploads\/2022\/12\/c-Andrej-Grilc-01537-100x100.jpg 100w, https:\/\/philippscheucher.com\/wp-content\/uploads\/2022\/12\/c-Andrej-Grilc-01537-250x250.jpg 250w\" data-sizes=\"100vw\" src=\"data:image\/svg+xml;base64,PHN2ZyB3aWR0aD0iMSIgaGVpZ2h0PSIxIiB4bWxucz0iaHR0cDovL3d3dy53My5vcmcvMjAwMC9zdmciPjwvc3ZnPg==\" style=\"--smush-placeholder-width: 150px; --smush-placeholder-aspect-ratio: 150\/150;\" \/><\/a>\n\t\t\t<\/div>\n\t\t\t\t<figcaption class='wp-caption-text gallery-caption' id='gallery-1-1930'>\n\t\t\t\t\u00a9 Andrej Grilc\n\t\t\t\t<\/figcaption><\/figure><figure class='gallery-item'>\n\t\t\t<div class='gallery-icon landscape'>\n\t\t\t\t<a data-elementor-open-lightbox=\"yes\" data-elementor-lightbox-slideshow=\"4fb3dae\" data-elementor-lightbox-title=\"philipp scheucher (c) Andrej Grilc-01609\" data-elementor-lightbox-description=\"\u00a9 Andrej Grilc\" data-e-action-hash=\"#elementor-action%3Aaction%3Dlightbox%26settings%3DeyJpZCI6MTkzMSwidXJsIjoiaHR0cHM6XC9cL3BoaWxpcHBzY2hldWNoZXIuY29tXC93cC1jb250ZW50XC91cGxvYWRzXC8yMDIyXC8xMlwvYy1BbmRyZWotR3JpbGMtMDE2MDktc2NhbGVkLmpwZyIsInNsaWRlc2hvdyI6IjRmYjNkYWUifQ%3D%3D\" href='https:\/\/philippscheucher.com\/wp-content\/uploads\/2022\/12\/c-Andrej-Grilc-01609-scaled.jpg'><img decoding=\"async\" width=\"150\" height=\"150\" data-src=\"https:\/\/philippscheucher.com\/wp-content\/uploads\/2022\/12\/c-Andrej-Grilc-01609-150x150.jpg\" class=\"attachment-thumbnail size-thumbnail lazyload\" alt=\"\" aria-describedby=\"gallery-1-1931\" data-srcset=\"https:\/\/philippscheucher.com\/wp-content\/uploads\/2022\/12\/c-Andrej-Grilc-01609-150x150.jpg 150w, https:\/\/philippscheucher.com\/wp-content\/uploads\/2022\/12\/c-Andrej-Grilc-01609-100x100.jpg 100w, https:\/\/philippscheucher.com\/wp-content\/uploads\/2022\/12\/c-Andrej-Grilc-01609-250x250.jpg 250w\" data-sizes=\"100vw\" src=\"data:image\/svg+xml;base64,PHN2ZyB3aWR0aD0iMSIgaGVpZ2h0PSIxIiB4bWxucz0iaHR0cDovL3d3dy53My5vcmcvMjAwMC9zdmciPjwvc3ZnPg==\" style=\"--smush-placeholder-width: 150px; --smush-placeholder-aspect-ratio: 150\/150;\" \/><\/a>\n\t\t\t<\/div>\n\t\t\t\t<figcaption class='wp-caption-text gallery-caption' id='gallery-1-1931'>\n\t\t\t\t\u00a9 Andrej Grilc\n\t\t\t\t<\/figcaption><\/figure><figure class='gallery-item'>\n\t\t\t<div class='gallery-icon landscape'>\n\t\t\t\t<a data-elementor-open-lightbox=\"yes\" data-elementor-lightbox-slideshow=\"4fb3dae\" data-elementor-lightbox-title=\"Philipp Scheucher (c) christa strobl\" data-elementor-lightbox-description=\"\u00a9 Christa Strobl\" data-e-action-hash=\"#elementor-action%3Aaction%3Dlightbox%26settings%3DeyJpZCI6MTkzMywidXJsIjoiaHR0cHM6XC9cL3BoaWxpcHBzY2hldWNoZXIuY29tXC93cC1jb250ZW50XC91cGxvYWRzXC8yMDIyXC8xMlwvXHUwMGE5Y3N0cm9ibC02NTY2LXNjYWxlZC5qcGciLCJzbGlkZXNob3ciOiI0ZmIzZGFlIn0%3D\" href='https:\/\/philippscheucher.com\/wp-content\/uploads\/2022\/12\/\u00a9cstrobl-6566-scaled.jpg'><img decoding=\"async\" width=\"150\" height=\"150\" data-src=\"https:\/\/philippscheucher.com\/wp-content\/uploads\/2022\/12\/\u00a9cstrobl-6566-150x150.jpg\" class=\"attachment-thumbnail size-thumbnail lazyload\" alt=\"\" aria-describedby=\"gallery-1-1933\" data-srcset=\"https:\/\/philippscheucher.com\/wp-content\/uploads\/2022\/12\/\u00a9cstrobl-6566-150x150.jpg 150w, https:\/\/philippscheucher.com\/wp-content\/uploads\/2022\/12\/\u00a9cstrobl-6566-100x100.jpg 100w, https:\/\/philippscheucher.com\/wp-content\/uploads\/2022\/12\/\u00a9cstrobl-6566-250x250.jpg 250w\" data-sizes=\"100vw\" src=\"data:image\/svg+xml;base64,PHN2ZyB3aWR0aD0iMSIgaGVpZ2h0PSIxIiB4bWxucz0iaHR0cDovL3d3dy53My5vcmcvMjAwMC9zdmciPjwvc3ZnPg==\" style=\"--smush-placeholder-width: 150px; --smush-placeholder-aspect-ratio: 150\/150;\" \/><\/a>\n\t\t\t<\/div>\n\t\t\t\t<figcaption class='wp-caption-text gallery-caption' id='gallery-1-1933'>\n\t\t\t\t\u00a9 Christa Strobl\n\t\t\t\t<\/figcaption><\/figure><figure class='gallery-item'>\n\t\t\t<div class='gallery-icon landscape'>\n\t\t\t\t<a data-elementor-open-lightbox=\"yes\" data-elementor-lightbox-slideshow=\"4fb3dae\" data-elementor-lightbox-title=\"Philipp Scheucher\" data-elementor-lightbox-description=\"\u00a9 Christa Strobl\" data-e-action-hash=\"#elementor-action%3Aaction%3Dlightbox%26settings%3DeyJpZCI6OTQ0LCJ1cmwiOiJodHRwczpcL1wvcGhpbGlwcHNjaGV1Y2hlci5jb21cL3dwLWNvbnRlbnRcL3VwbG9hZHNcLzIwMjBcLzAzXC9Gb3RvLTEuanBnIiwic2xpZGVzaG93IjoiNGZiM2RhZSJ9\" href='https:\/\/philippscheucher.com\/wp-content\/uploads\/2020\/03\/Foto-1.jpg'><img decoding=\"async\" width=\"150\" height=\"150\" data-src=\"https:\/\/philippscheucher.com\/wp-content\/uploads\/2020\/03\/Foto-1-150x150.jpg\" class=\"attachment-thumbnail size-thumbnail lazyload\" alt=\"\" aria-describedby=\"gallery-1-944\" data-srcset=\"https:\/\/philippscheucher.com\/wp-content\/uploads\/2020\/03\/Foto-1-150x150.jpg 150w, https:\/\/philippscheucher.com\/wp-content\/uploads\/2020\/03\/Foto-1-100x100.jpg 100w, https:\/\/philippscheucher.com\/wp-content\/uploads\/2020\/03\/Foto-1-250x250.jpg 250w\" data-sizes=\"100vw\" src=\"data:image\/svg+xml;base64,PHN2ZyB3aWR0aD0iMSIgaGVpZ2h0PSIxIiB4bWxucz0iaHR0cDovL3d3dy53My5vcmcvMjAwMC9zdmciPjwvc3ZnPg==\" style=\"--smush-placeholder-width: 150px; --smush-placeholder-aspect-ratio: 150\/150;\" \/><\/a>\n\t\t\t<\/div>\n\t\t\t\t<figcaption class='wp-caption-text gallery-caption' id='gallery-1-944'>\n\t\t\t\t\u00a9 Christa Strobl\n\t\t\t\t<\/figcaption><\/figure>\n\t\t<\/div>\n\t\t<\/div>\n\t\t\t\t\t\t<\/div>\n\t\t\t\t<\/div>\n\t\t\t\t\t<\/div>\n\t\t<\/div>\n\t\t\t\t\t<\/div>\n\t\t<\/section>\n\t\t\t\t<section class=\"elementor-section elementor-top-section elementor-element elementor-element-abf60eb elementor-section-boxed elementor-section-height-default elementor-section-height-default elementor-invisible\" data-id=\"abf60eb\" data-element_type=\"section\" data-settings=\"{&quot;animation&quot;:&quot;fadeInUp&quot;}\">\n\t\t\t\t\t\t<div class=\"elementor-container elementor-column-gap-default\">\n\t\t\t\t\t<div class=\"elementor-column elementor-col-100 elementor-top-column elementor-element elementor-element-0d01bed\" data-id=\"0d01bed\" data-element_type=\"column\">\n\t\t\t<div class=\"elementor-widget-wrap elementor-element-populated\">\n\t\t\t\t\t\t<div class=\"elementor-element elementor-element-ae857c1 elementor-widget elementor-widget-text-editor\" data-id=\"ae857c1\" data-element_type=\"widget\" data-widget_type=\"text-editor.default\">\n\t\t\t\t<div class=\"elementor-widget-container\">\n\t\t\t\t\t\t\t\t\t<p style=\"color: #8f8f8f; text-align: center;\">Photos and CVs may only be used unedited and free of charge if the respective credits are given.<\/p><p style=\"color: #8f8f8f; text-align: center;\">If you have any questions or for photos in print resolution, please contact us at:\u00a0<a style=\"color: #ffffff; outline: 0px; box-shadow: rgba(255, 255, 255, 0) 0px 0px 0px inset, #ffffff 0px 3px 0px;\" href=\"mailto:info@philippscheucher.com\">info@philippscheucher.com<\/a><\/p>\t\t\t\t\t\t\t\t<\/div>\n\t\t\t\t<\/div>\n\t\t\t\t\t<\/div>\n\t\t<\/div>\n\t\t\t\t\t<\/div>\n\t\t<\/section>\n\t\t\t\t<\/div>","protected":false},"excerpt":{"rendered":"<p>\u00a9 Andrej Grilc \u00a9 Andrej Grilc \u00a9 Andrej Grilc \u00a9 Andrej Grilc \u00a9 Christa Strobl \u00a9 Christa Strobl Fotos sowie Lebenslauf d\u00fcrfen ausschlie\u00dflich unbearbeitet und unter Angabe der jeweiligen Credits frei verwendet werden. F\u00fcr hochaufl\u00f6sende Fotos in Druckqualit\u00e4t oder weitere Fragen bitte um Kontaktaufnahme unter:\u00a0info@philippscheucher.com<\/p>","protected":false},"author":1,"featured_media":0,"parent":0,"menu_order":0,"comment_status":"closed","ping_status":"closed","template":"","meta":{"footnotes":""},"class_list":["post-7","page","type-page","status-publish","hentry"],"_links":{"self":[{"href":"https:\/\/philippscheucher.com\/en\/wp-json\/wp\/v2\/pages\/7","targetHints":{"allow":["GET"]}}],"collection":[{"href":"https:\/\/philippscheucher.com\/en\/wp-json\/wp\/v2\/pages"}],"about":[{"href":"https:\/\/philippscheucher.com\/en\/wp-json\/wp\/v2\/types\/page"}],"author":[{"embeddable":true,"href":"https:\/\/philippscheucher.com\/en\/wp-json\/wp\/v2\/users\/1"}],"replies":[{"embeddable":true,"href":"https:\/\/philippscheucher.com\/en\/wp-json\/wp\/v2\/comments?post=7"}],"version-history":[{"count":7,"href":"https:\/\/philippscheucher.com\/en\/wp-json\/wp\/v2\/pages\/7\/revisions"}],"predecessor-version":[{"id":3088,"href":"https:\/\/philippscheucher.com\/en\/wp-json\/wp\/v2\/pages\/7\/revisions\/3088"}],"wp:attachment":[{"href":"https:\/\/philippscheucher.com\/en\/wp-json\/wp\/v2\/media?parent=7"}],"curies":[{"name":"wp","href":"https:\/\/api.w.org\/{rel}","templated":true}]}}