{"id":762,"date":"2019-06-17T11:32:17","date_gmt":"2019-06-17T11:32:17","guid":{"rendered":"http:\/\/philippscheucher.com\/?page_id=762"},"modified":"2025-02-22T14:38:03","modified_gmt":"2025-02-22T14:38:03","slug":"agb","status":"publish","type":"page","link":"https:\/\/philippscheucher.com\/en\/agb\/","title":{"rendered":"AGB"},"content":{"rendered":"<p>[:de]<strong>Allgemeine Gesch\u00e4ftsbedingungen<\/strong><\/p>\n<p style=\"font-weight: bold; padding-bottom: 10px;\">\u00a71 Geltung gegen\u00fcber Unternehmern und Begriffsdefinitionen<\/p>\n<p>(1) Die nachfolgenden Allgemeinen Gesch\u00e4ftsbedingungen gelten f\u00fcr alle Lieferungen zwischen uns und einem Verbraucher in ihrer zum Zeitpunkt der Bestellung g\u00fcltigen Fassung.<\/p>\n<p>Verbraucher ist jede nat\u00fcrliche Person, die ein Rechtsgesch\u00e4ft zu Zwecken abschlie\u00dft, die \u00fcberwiegend weder ihrer gewerblichen noch ihrer selbst\u00e4ndigen beruflichen T\u00e4tigkeit zugerechnet werden k\u00f6nnen (\u00a7 13 BGB).<\/p>\n<p style=\"font-weight: bold; padding-bottom: 10px;\">\u00a72 Zustandekommen eines Vertrages, Speicherung des Vertragstextes<\/p>\n<p>(1) Die folgenden Regelungen \u00fcber den Vertragsabschluss gelten f\u00fcr Bestellungen \u00fcber unseren Internetshop <a href=\"http:\/\/philippscheucher.com\/en\/shop\/\">http:\/\/philippscheucher.com\/shop<\/a> .<\/p>\n<p><b>(2) Im Falle des Vertragsschlusses kommt der Vertrag mit<\/b><\/p>\n<div style=\"font-weight: bold; margin-left: 20px;\">Philipp Scheucher<br \/>\nHeinrich-Heine-Stra\u00dfe 5<br \/>\n10179 Berlin<br \/>\nGERMANY<\/div>\n<div><\/div>\n<p>zustande.<\/p>\n<p>(3) Die Pr\u00e4sentation der Waren in unserem Internetshop stellen kein rechtlich bindendes Vertragsangebot unsererseits dar, sondern sind nur eine unverbindliche Aufforderungen an den Verbraucher, Waren zu bestellen. Mit der Bestellung der gew\u00fcnschten Ware gibt der Verbraucher ein f\u00fcr ihn verbindliches Angebot auf Abschluss eines Kaufvertrages ab.<br \/>\n(4) Bei Eingang einer Bestellung in unserem Internetshop gelten folgende Regelungen:<br \/>\nDer Verbraucher gibt ein bindendes Vertragsangebot ab, indem er die in unserem Internetshop vorgesehene Bestell-Prozedur erfolgreich durchl\u00e4uft.<\/p>\n<p>Die Bestellung erfolgt in folgenden Schritten:<\/p>\n<div class=\"ml20\">\n<p>1) Auswahl der gew\u00fcnschten Ware (&#8222;In den Warenkorb&#8220;)<\/p>\n<p>2) Pr\u00fcfung der Angaben im Warenkorb<\/p>\n<p>3) Bet\u00e4tigung des Buttons \u201eWeiter zur Kasse\u201c<\/p>\n<p>4) Rechnungsdetails angeben<\/p>\n<p>5) (optional: Kundenkonto er\u00f6ffnen)<\/p>\n<p>6) Auswahl der Zahlungsm\u00f6glichkeiten &#8222;Direkte Bank\u00fcberweisung&#8220; oder &#8222;PayPal&#8220;.<\/p>\n<p>7) Verbindliche Absendung der Bestellung durch Anklicken des Buttons \u201eBestellung abschicken\u201c bzw. \u201eWeiter zu PayPal\u201c<\/p>\n<p>8) (bei PayPal-Zahlungsoption: Zustimmen und zahlen)<\/p>\n<\/div>\n<p>Der Verbraucher kann vor dem verbindlichen Absenden der Bestellung durch Bet\u00e4tigen der in dem von ihm verwendeten Internet-Browser enthaltenen \u201eZur\u00fcck\u201c-Taste nach Kontrolle seiner Angaben wieder zu der Internetseite gelangen, auf der die Angaben des Kunden erfasst werden und Eingabefehler berichtigen bzw. durch Schlie\u00dfen des Internetbrowsers den Bestellvorgang abbrechen.<br \/>\nWir best\u00e4tigen den Eingang der Bestellung unmittelbar durch eine automatisch generierte E-Mail (\u201eAuftragsbest\u00e4tigung\u201c). Mit dieser nehmen wir Ihr Angebot an.<\/p>\n<p>(5) Speicherung des Vertragstextes bei Bestellungen \u00fcber unseren Internetshop : Wir speichern den Vertragstext und senden Ihnen die Bestelldaten per E-Mail zu. Die AGB k\u00f6nnen Sie jederzeit unter <a href=\"http:\/\/philippscheucher.com\/en\/agb\/\">http:\/\/philippscheucher.com\/agb<\/a> einsehen.<\/p>\n<p>Falls Sie ein Kundenkonto erstellt haben, k\u00f6nnen Sie Ihre vergangenen Bestellungen im pers\u00f6nlichen Kundenkonto einsehen.<\/p>\n<p style=\"font-weight: bold; padding-bottom: 10px;\">\u00a73 Preise, Versandkosten, Zahlung, F\u00e4lligkeit<\/p>\n<p>(1) Die angegebenen Preise enthalten die gesetzliche Umsatzsteuer und sonstige Preisbestandteile. Hinzu kommen etwaige Versandkosten.<\/p>\n<p>(2) Der Verbraucher hat die M\u00f6glichkeit der Zahlung per<br \/>\n&#8222;Direkte Bank\u00fcberweisung&#8220; und &#8222;PayPal&#8220;.<\/p>\n<p>(3) Hat der Verbraucher die Zahlung per &#8222;Direkte Bank\u00fcberweisung&#8220; gew\u00e4hlt, so verpflichtet er sich, den Kaufpreis unverz\u00fcglich nach Vertragsschluss an das angegebene Konto zu \u00fcberweisen.<\/p>\n<p style=\"font-weight: bold; padding-bottom: 10px;\">\u00a74 Lieferung<\/p>\n<p>(1) Sofern wir dies in der Produktbeschreibung nicht deutlich anders angegeben haben, sind alle von uns angebotenen Artikel sofort versandfertig.<br \/>\nDie Lieferung erfolgt hier sp\u00e4testen innerhalb von 14 Werktagen.<br \/>\nDabei beginnt die Frist f\u00fcr die Lieferung im Falle der Zahlung per Vorkasse am Tag nach Zahlungsauftrag an die mit der \u00dcberweisung beauftragte Bank und bei allen anderen Zahlungsarten am Tag nach Vertragsschluss zu laufen.<br \/>\nF\u00e4llt das Fristende auf einen Samstag, Sonntag oder gesetzlichen Feiertag am Lieferort, so endet die Frist am n\u00e4chsten Werktag.<\/p>\n<p>(2) Die Gefahr des zuf\u00e4lligen Untergangs und der zuf\u00e4lligen Verschlechterung der verkauften Sache geht auch beim Versendungskauf erst mit der \u00dcbergabe der Sache an den K\u00e4ufer auf diesen \u00fcber.<\/p>\n<p style=\"font-weight: bold; padding-bottom: 10px;\">\u00a75 Eigentumsvorbehalt<\/p>\n<p>Wir behalten uns das Eigentum an der Ware bis zur vollst\u00e4ndigen Bezahlung des Kaufpreises vor.<\/p>\n<p>***********************************************************************************************<\/p>\n<p style=\"font-weight: bold; padding-bottom: 10px;\">\u00a76 Widerrufsrecht des Kunden als Verbraucher:<\/p>\n<p><b><br \/>\nWiderrufsrecht f\u00fcr Verbraucher<\/b><\/p>\n<p>Verbrauchern steht ein Widerrufsrecht nach folgender Ma\u00dfgabe zu, wobei Verbraucher jede nat\u00fcrliche Person ist, die ein Rechtsgesch\u00e4ft zu Zwecken abschlie\u00dft,<br \/>\ndie \u00fcberwiegend weder ihrer gewerblichen noch ihrer selbst\u00e4ndigen beruflichen T\u00e4tigkeit zugerechnet werden k\u00f6nnen:<\/p>\n<p style=\"font-weight: bold; padding-bottom: 1px; text-align: center;\">Widerrufsbelehrung<\/p>\n<p><b>Widerrufsrecht<\/b><\/p>\n<p>Sie haben das Recht, binnen vierzehn Tagen ohne Angabe von Gr\u00fcnden diesen Vertrag zu widerrufen.<\/p>\n<p>Die Widerrufsfrist betr\u00e4gt vierzehn Tage, ab dem Tag, an dem Sie oder ein von Ihnen benannter Dritter,<br \/>\nder nicht der Bef\u00f6rderer ist, die Waren in Besitz genommen haben bzw. hat.<\/p>\n<p>Um Ihr Widerrufsrecht auszu\u00fcben, m\u00fcssen Sie uns<\/p>\n<div style=\"margin-left: 20px; margin-top: 5px; margin-bottom: 5px;\">Philipp Scheucher<br \/>\n<span style=\"font-family: helvetica, arial, sans-serif;\">Heinrich-Heine-Stra\u00dfe 5<br \/>\n10179 Berlin<br \/>\nGERMANY<\/span><br \/>\nE-Mail: <a href=\"mailto:info@philippscheucher.com\">info@philippscheucher.com<\/a><\/div>\n<p>mittels einer eindeutigen Erkl\u00e4rung (z.B. ein mit der Post versandter Brief, oder E-Mail) \u00fcber Ihren Entschluss, diesen Vertrag zu widerrufen, informieren. Sie k\u00f6nnen daf\u00fcr das beigef\u00fcgte Muster-Widerrufsformular verwenden, das jedoch nicht vorgeschrieben ist.<\/p>\n<p><b>Widerrufsfolgen<\/b><\/p>\n<p>Wenn Sie diesen Vertrag widerrufen, haben wir Ihnen alle Zahlungen, die wir von Ihnen erhalten haben, einschlie\u00dflich der Lieferkosten (mit Ausnahme der zus\u00e4tzlichen Kosten, die sich daraus ergeben, dass Sie eine andere Art der Lieferung als die von uns angebotene, g\u00fcnstigste Standardlieferung gew\u00e4hlt haben), unverz\u00fcglich und sp\u00e4testens binnen vierzehn Tagen ab dem Tag zur\u00fcckzuzahlen, an dem die Mitteilung \u00fcber Ihren Widerruf dieses Vertrags bei uns eingegangen ist.<br \/>\nF\u00fcr diese R\u00fcckzahlung verwenden wir dasselbe Zahlungsmittel, das Sie bei der urspr\u00fcnglichen Transaktion eingesetzt haben, es sei denn, mit Ihnen wurde ausdr\u00fccklich etwas anderes vereinbart; in keinem Fall werden Ihnen wegen dieser R\u00fcckzahlung Entgelte berechnet.<\/p>\n<p>Wir k\u00f6nnen die R\u00fcckzahlung verweigern, bis wir die Waren wieder zur\u00fcckerhalten haben oder bis Sie den Nachweis erbracht haben, dass Sie die Waren zur\u00fcckgesandt haben, je nachdem, welches der fr\u00fchere Zeitpunkt ist.<\/p>\n<p>Sie haben die Waren unverz\u00fcglich und in jedem Fall sp\u00e4testens binnen vierzehn Tagen ab dem Tag, an dem Sie uns \u00fcber den Widerruf dieses Vertrages unterrichten, an uns zur\u00fcckzusenden oder zu \u00fcbergeben. Die Frist ist gewahrt, wenn Sie die Waren vor Ablauf der Frist von vierzehn Tagen absenden.<\/p>\n<p>Sie tragen die unmittelbaren Kosten der R\u00fccksendung der Waren.<\/p>\n<p><b>Ende der Widerrufsbelehrung<\/b><\/p>\n<p>***********************************************************************************************<\/p>\n<p style=\"font-weight: bold; padding-bottom: 10px;\">\u00a77 Widerrufsformular<\/p>\n<p style=\"text-align: center; font-weight: bold;\">Muster-Widerrufsformular<\/p>\n<p>(Wenn Sie den Vertrag widerrufen wollen, dann f\u00fcllen Sie bitte dieses Formular aus und senden Sie es zur\u00fcck.)<\/p>\n<div style=\"border: 1px solid #000000; padding: 10px;\">An :<br \/>\n<span style=\"font-family: helvetica, arial, sans-serif;\">Philipp Scheucher<\/span><br \/>\n<span style=\"font-family: helvetica, arial, sans-serif;\">Heinrich-Heine-Stra\u00dfe 5<br \/>\n10179 Berlin<br \/>\nGERMANY<\/span><br \/>\nE-Mail: <a href=\"mailto:info@philippscheucher.com\">info@philippscheucher.com<\/a><br \/>\nHiermit widerrufe(n) ich\/wir (*) den von mir\/uns (*) abgeschlossenen Vertrag \u00fcber den Kauf der folgenden Waren (*)\/die Erbringung der folgenden Dienstleistung (*)_____________________________________________________Bestellt am (*)\/erhalten am (*)__________________<\/p>\n<p>Name des\/der Verbraucher(s)<\/p>\n<p>_____________________________________________________<\/p>\n<p>Anschrift des\/der Verbraucher(s)<\/p>\n<p>_____________________________________________________<\/p>\n<p>Unterschrift des\/der Verbraucher(s) (nur bei Mitteilung auf Papier)<\/p>\n<p>__________________<\/p>\n<p>Date<\/p>\n<p>__________________<\/p>\n<\/div>\n<p>(*) Unzutreffendes streichen.<\/p>\n<p style=\"font-weight: bold; padding-bottom: 10px;\">\u00a78 Gew\u00e4hrleistung<\/p>\n<p>Es gelten die gesetzlichen Gew\u00e4hrleistungsregelungen.<\/p>\n<p style=\"font-weight: bold; padding-bottom: 10px;\">\u00a79 Vertragssprache<\/p>\n<p>Als Vertragssprache steht ausschlie\u00dflich Deutsch zur Verf\u00fcgung.<\/p>\n<p>Stand der AGB Januar 2025.<\/p>\n<p><span style=\"font-size: 8pt;\"><i><a href=\"http:\/\/www.agb.de\">AGB<\/a> erstellt von agb.de<\/i><\/span>[:en]<strong>Website Terms and Conditions of Use<\/strong><\/p>\n<p>This text is only available in German. If you have any questions, please contact:<\/p>\n<p><span style=\"font-family: helvetica, arial, sans-serif;\">Philipp Scheucher<\/span><br \/>\n<span style=\"font-family: helvetica, arial, sans-serif;\">Heinrich-Heine-Stra\u00dfe 5<br \/>\n10179 Berlin<br \/>\nGERMANY<\/span><br \/>\nE-Mail: <a href=\"mailto:info@philippscheucher.com\">info@philippscheucher.com<\/a><\/p>\n<p>Mail: <a href=\"mailto:philippscheucher@gmx.at\">philippscheucher@gmx.at<\/a><br \/>\nPhone: +43 699 1718 0946<\/p>\n<p style=\"font-weight: bold; padding-bottom: 10px;\">\u00a71 Geltung gegen\u00fcber Unternehmern und Begriffsdefinitionen<\/p>\n<p>(1) Die nachfolgenden Allgemeinen Gesch\u00e4ftsbedingungen gelten f\u00fcr alle Lieferungen zwischen uns und einem Verbraucher in ihrer zum Zeitpunkt der Bestellung g\u00fcltigen Fassung.<\/p>\n<p>Verbraucher ist jede nat\u00fcrliche Person, die ein Rechtsgesch\u00e4ft zu Zwecken abschlie\u00dft, die \u00fcberwiegend weder ihrer gewerblichen noch ihrer selbst\u00e4ndigen beruflichen T\u00e4tigkeit zugerechnet werden k\u00f6nnen (\u00a7 13 BGB).<\/p>\n<p style=\"font-weight: bold; padding-bottom: 10px;\">\u00a72 Zustandekommen eines Vertrages, Speicherung des Vertragstextes<\/p>\n<p>(1) Die folgenden Regelungen \u00fcber den Vertragsabschluss gelten f\u00fcr Bestellungen \u00fcber unseren Internetshop <a href=\"http:\/\/philippscheucher.com\/en\/shop\/\">http:\/\/philippscheucher.com\/shop<\/a> .<\/p>\n<p><b>(2) Im Falle des Vertragsschlusses kommt der Vertrag mit<\/b><\/p>\n<div style=\"font-weight: bold; margin-left: 20px;\">Philipp Scheucher<br \/>\nHeinrich-Heine-Stra\u00dfe 5<br \/>\n10179 Berlin<br \/>\nGERMANY<\/div>\n<p>zustande.<\/p>\n<p>(3) Die Pr\u00e4sentation der Waren in unserem Internetshop stellen kein rechtlich bindendes Vertragsangebot unsererseits dar, sondern sind nur eine unverbindliche Aufforderungen an den Verbraucher, Waren zu bestellen. Mit der Bestellung der gew\u00fcnschten Ware gibt der Verbraucher ein f\u00fcr ihn verbindliches Angebot auf Abschluss eines Kaufvertrages ab.<br \/>\n(4) Bei Eingang einer Bestellung in unserem Internetshop gelten folgende Regelungen:<br \/>\nDer Verbraucher gibt ein bindendes Vertragsangebot ab, indem er die in unserem Internetshop vorgesehene Bestell-Prozedur erfolgreich durchl\u00e4uft.<\/p>\n<p>Die Bestellung erfolgt in folgenden Schritten:<\/p>\n<div class=\"ml20\">\n<p>1) Auswahl der gew\u00fcnschten Ware (&#8222;In den Warenkorb&#8220;)<\/p>\n<p>2) Pr\u00fcfung der Angaben im Warenkorb<\/p>\n<p>3) Bet\u00e4tigung des Buttons \u201eWeiter zur Kasse\u201c<\/p>\n<p>4) Rechnungsdetails angeben<\/p>\n<p>5) (optional: Kundenkonto er\u00f6ffnen)<\/p>\n<p>6) Auswahl der Zahlungsm\u00f6glichkeiten &#8222;Direkte Bank\u00fcberweisung&#8220; oder &#8222;PayPal&#8220;.<\/p>\n<p>7) Verbindliche Absendung der Bestellung durch Anklicken des Buttons \u201eBestellung abschicken\u201c bzw. \u201eWeiter zu PayPal\u201c<\/p>\n<p>8) (bei PayPal-Zahlungsoption: Zustimmen und zahlen)<\/p>\n<\/div>\n<p>Der Verbraucher kann vor dem verbindlichen Absenden der Bestellung durch Bet\u00e4tigen der in dem von ihm verwendeten Internet-Browser enthaltenen \u201eZur\u00fcck\u201c-Taste nach Kontrolle seiner Angaben wieder zu der Internetseite gelangen, auf der die Angaben des Kunden erfasst werden und Eingabefehler berichtigen bzw. durch Schlie\u00dfen des Internetbrowsers den Bestellvorgang abbrechen.<br \/>\nWir best\u00e4tigen den Eingang der Bestellung unmittelbar durch eine automatisch generierte E-Mail (\u201eAuftragsbest\u00e4tigung\u201c). Mit dieser nehmen wir Ihr Angebot an.<\/p>\n<p>(5) Speicherung des Vertragstextes bei Bestellungen \u00fcber unseren Internetshop : Wir speichern den Vertragstext und senden Ihnen die Bestelldaten per E-Mail zu. Die AGB k\u00f6nnen Sie jederzeit unter <a href=\"http:\/\/philippscheucher.com\/en\/agb\/\">http:\/\/philippscheucher.com\/agb<\/a> einsehen.<\/p>\n<p>Falls Sie ein Kundenkonto erstellt haben, k\u00f6nnen Sie Ihre vergangenen Bestellungen im pers\u00f6nlichen Kundenkonto einsehen.<\/p>\n<p style=\"font-weight: bold; padding-bottom: 10px;\">\u00a73 Preise, Versandkosten, Zahlung, F\u00e4lligkeit<\/p>\n<p>(1) Die angegebenen Preise enthalten die gesetzliche Umsatzsteuer und sonstige Preisbestandteile. Hinzu kommen etwaige Versandkosten.<\/p>\n<p>(2) Der Verbraucher hat die M\u00f6glichkeit der Zahlung per<br \/>\n&#8222;Direkte Bank\u00fcberweisung&#8220; und &#8222;PayPal&#8220;.<\/p>\n<p>(3) Hat der Verbraucher die Zahlung per &#8222;Direkte Bank\u00fcberweisung&#8220; gew\u00e4hlt, so verpflichtet er sich, den Kaufpreis unverz\u00fcglich nach Vertragsschluss an das angegebene Konto zu \u00fcberweisen.<\/p>\n<p style=\"font-weight: bold; padding-bottom: 10px;\">\u00a74 Lieferung<\/p>\n<p>(1) Sofern wir dies in der Produktbeschreibung nicht deutlich anders angegeben haben, sind alle von uns angebotenen Artikel sofort versandfertig.<br \/>\nDie Lieferung erfolgt hier sp\u00e4testen innerhalb von 14 Werktagen.<br \/>\nDabei beginnt die Frist f\u00fcr die Lieferung im Falle der Zahlung per Vorkasse am Tag nach Zahlungsauftrag an die mit der \u00dcberweisung beauftragte Bank und bei allen anderen Zahlungsarten am Tag nach Vertragsschluss zu laufen.<br \/>\nF\u00e4llt das Fristende auf einen Samstag, Sonntag oder gesetzlichen Feiertag am Lieferort, so endet die Frist am n\u00e4chsten Werktag.<\/p>\n<p>(2) Die Gefahr des zuf\u00e4lligen Untergangs und der zuf\u00e4lligen Verschlechterung der verkauften Sache geht auch beim Versendungskauf erst mit der \u00dcbergabe der Sache an den K\u00e4ufer auf diesen \u00fcber.<\/p>\n<p style=\"font-weight: bold; padding-bottom: 10px;\">\u00a75 Eigentumsvorbehalt<\/p>\n<p>Wir behalten uns das Eigentum an der Ware bis zur vollst\u00e4ndigen Bezahlung des Kaufpreises vor.<\/p>\n<p>***********************************************************************************************<\/p>\n<p style=\"font-weight: bold; padding-bottom: 10px;\">\u00a76 Widerrufsrecht des Kunden als Verbraucher:<\/p>\n<p><b><br \/>\nWiderrufsrecht f\u00fcr Verbraucher<\/b><\/p>\n<p>Verbrauchern steht ein Widerrufsrecht nach folgender Ma\u00dfgabe zu, wobei Verbraucher jede nat\u00fcrliche Person ist, die ein Rechtsgesch\u00e4ft zu Zwecken abschlie\u00dft,<br \/>\ndie \u00fcberwiegend weder ihrer gewerblichen noch ihrer selbst\u00e4ndigen beruflichen T\u00e4tigkeit zugerechnet werden k\u00f6nnen:<\/p>\n<p style=\"font-weight: bold; padding-bottom: 1px; text-align: center;\">Widerrufsbelehrung<\/p>\n<p><b>Widerrufsrecht<\/b><\/p>\n<p>Sie haben das Recht, binnen vierzehn Tagen ohne Angabe von Gr\u00fcnden diesen Vertrag zu widerrufen.<\/p>\n<p>Die Widerrufsfrist betr\u00e4gt vierzehn Tage, ab dem Tag, an dem Sie oder ein von Ihnen benannter Dritter,<br \/>\nder nicht der Bef\u00f6rderer ist, die Waren in Besitz genommen haben bzw. hat.<\/p>\n<p>Um Ihr Widerrufsrecht auszu\u00fcben, m\u00fcssen Sie uns<\/p>\n<div style=\"margin-left: 20px; margin-top: 5px; margin-bottom: 5px;\"><span style=\"font-family: helvetica, arial, sans-serif;\">Philipp Scheucher<\/span><br \/>\n<span style=\"font-family: helvetica, arial, sans-serif;\">Heinrich-Heine-Stra\u00dfe 5<br \/>\n10179 Berlin<br \/>\nGERMANY<\/span><br \/>\nE-Mail: <a href=\"mailto:info@philippscheucher.com\">info@philippscheucher.com<\/a><\/div>\n<p>mittels einer eindeutigen Erkl\u00e4rung (z.B. ein mit der Post versandter Brief, oder E-Mail) \u00fcber Ihren Entschluss, diesen Vertrag zu widerrufen, informieren. Sie k\u00f6nnen daf\u00fcr das beigef\u00fcgte Muster-Widerrufsformular verwenden, das jedoch nicht vorgeschrieben ist.<\/p>\n<p><b>Widerrufsfolgen<\/b><\/p>\n<p>Wenn Sie diesen Vertrag widerrufen, haben wir Ihnen alle Zahlungen, die wir von Ihnen erhalten haben, einschlie\u00dflich der Lieferkosten (mit Ausnahme der zus\u00e4tzlichen Kosten, die sich daraus ergeben, dass Sie eine andere Art der Lieferung als die von uns angebotene, g\u00fcnstigste Standardlieferung gew\u00e4hlt haben), unverz\u00fcglich und sp\u00e4testens binnen vierzehn Tagen ab dem Tag zur\u00fcckzuzahlen, an dem die Mitteilung \u00fcber Ihren Widerruf dieses Vertrags bei uns eingegangen ist.<br \/>\nF\u00fcr diese R\u00fcckzahlung verwenden wir dasselbe Zahlungsmittel, das Sie bei der urspr\u00fcnglichen Transaktion eingesetzt haben, es sei denn, mit Ihnen wurde ausdr\u00fccklich etwas anderes vereinbart; in keinem Fall werden Ihnen wegen dieser R\u00fcckzahlung Entgelte berechnet.<\/p>\n<p>Wir k\u00f6nnen die R\u00fcckzahlung verweigern, bis wir die Waren wieder zur\u00fcckerhalten haben oder bis Sie den Nachweis erbracht haben, dass Sie die Waren zur\u00fcckgesandt haben, je nachdem, welches der fr\u00fchere Zeitpunkt ist.<\/p>\n<p>Sie haben die Waren unverz\u00fcglich und in jedem Fall sp\u00e4testens binnen vierzehn Tagen ab dem Tag, an dem Sie uns \u00fcber den Widerruf dieses Vertrages unterrichten, an uns zur\u00fcckzusenden oder zu \u00fcbergeben. Die Frist ist gewahrt, wenn Sie die Waren vor Ablauf der Frist von vierzehn Tagen absenden.<\/p>\n<p>Sie tragen die unmittelbaren Kosten der R\u00fccksendung der Waren.<\/p>\n<p><b>Ende der Widerrufsbelehrung<\/b><\/p>\n<p>***********************************************************************************************<\/p>\n<p style=\"font-weight: bold; padding-bottom: 10px;\">\u00a77 Widerrufsformular<\/p>\n<p style=\"text-align: center; font-weight: bold;\">Muster-Widerrufsformular<\/p>\n<p>(Wenn Sie den Vertrag widerrufen wollen, dann f\u00fcllen Sie bitte dieses Formular aus und senden Sie es zur\u00fcck.)<\/p>\n<div style=\"border: 1px solid #000000; padding: 10px;\">An :<br \/>\n<span style=\"font-family: helvetica, arial, sans-serif;\">Philipp Scheucher<\/span><br \/>\n<span style=\"font-family: helvetica, arial, sans-serif;\">Heinrich-Heine-Stra\u00dfe 5<br \/>\n10179 Berlin<br \/>\nGERMANY<\/span><br \/>\nE-Mail: <a href=\"mailto:info@philippscheucher.com\">info@philippscheucher.com<\/a><br \/>\nHiermit widerrufe(n) ich\/wir (*) den von mir\/uns (*) abgeschlossenen Vertrag \u00fcber den Kauf der folgenden Waren (*)\/die Erbringung der folgenden Dienstleistung (*)_____________________________________________________Bestellt am (*)\/erhalten am (*)__________________Name des\/der Verbraucher(s)_____________________________________________________<\/p>\n<p>Anschrift des\/der Verbraucher(s)<\/p>\n<p>_____________________________________________________<\/p>\n<p>Unterschrift des\/der Verbraucher(s) (nur bei Mitteilung auf Papier)<\/p>\n<p>__________________<\/p>\n<p>Date<\/p>\n<p>__________________<\/p>\n<\/div>\n<p>(*) Unzutreffendes streichen.<\/p>\n<p style=\"font-weight: bold; padding-bottom: 10px;\">\u00a78 Gew\u00e4hrleistung<\/p>\n<p>Es gelten die gesetzlichen Gew\u00e4hrleistungsregelungen.<\/p>\n<p style=\"font-weight: bold; padding-bottom: 10px;\">\u00a79 Vertragssprache<\/p>\n<p>Als Vertragssprache steht ausschlie\u00dflich Deutsch zur Verf\u00fcgung.<\/p>\n<p>Stand der AGB Januar 2025.<\/p>\n<p><span style=\"font-size: 8pt;\"><i><a href=\"http:\/\/www.agb.de\">AGB<\/a> erstellt von agb.de<\/i><\/span>[:]<\/p>","protected":false},"excerpt":{"rendered":"<p>[:de]Allgemeine Gesch\u00e4ftsbedingungen \u00a71 Geltung gegen\u00fcber Unternehmern und Begriffsdefinitionen (1) Die nachfolgenden Allgemeinen Gesch\u00e4ftsbedingungen gelten f\u00fcr alle Lieferungen zwischen uns und einem Verbraucher in ihrer zum Zeitpunkt der Bestellung g\u00fcltigen Fassung. Verbraucher ist jede nat\u00fcrliche Person, die ein Rechtsgesch\u00e4ft zu Zwecken abschlie\u00dft, die \u00fcberwiegend weder ihrer gewerblichen noch ihrer selbst\u00e4ndigen beruflichen T\u00e4tigkeit zugerechnet werden k\u00f6nnen (\u00a7 &hellip; <\/p>\n<p class=\"link-more\"><a href=\"https:\/\/philippscheucher.com\/en\/agb\/\" class=\"more-link\">Continue reading<span class=\"screen-reader-text\"> &#8222;AGB&#8220;<\/span><\/a><\/p>","protected":false},"author":1,"featured_media":0,"parent":0,"menu_order":0,"comment_status":"closed","ping_status":"closed","template":"","meta":{"footnotes":""},"class_list":["post-762","page","type-page","status-publish","hentry"],"_links":{"self":[{"href":"https:\/\/philippscheucher.com\/en\/wp-json\/wp\/v2\/pages\/762","targetHints":{"allow":["GET"]}}],"collection":[{"href":"https:\/\/philippscheucher.com\/en\/wp-json\/wp\/v2\/pages"}],"about":[{"href":"https:\/\/philippscheucher.com\/en\/wp-json\/wp\/v2\/types\/page"}],"author":[{"embeddable":true,"href":"https:\/\/philippscheucher.com\/en\/wp-json\/wp\/v2\/users\/1"}],"replies":[{"embeddable":true,"href":"https:\/\/philippscheucher.com\/en\/wp-json\/wp\/v2\/comments?post=762"}],"version-history":[{"count":2,"href":"https:\/\/philippscheucher.com\/en\/wp-json\/wp\/v2\/pages\/762\/revisions"}],"predecessor-version":[{"id":2801,"href":"https:\/\/philippscheucher.com\/en\/wp-json\/wp\/v2\/pages\/762\/revisions\/2801"}],"wp:attachment":[{"href":"https:\/\/philippscheucher.com\/en\/wp-json\/wp\/v2\/media?parent=762"}],"curies":[{"name":"wp","href":"https:\/\/api.w.org\/{rel}","templated":true}]}}