{"id":2200,"date":"2023-02-04T21:31:03","date_gmt":"2023-02-04T21:31:03","guid":{"rendered":"https:\/\/philippscheucher.com\/?post_type=product&#038;p=2200"},"modified":"2025-12-28T16:29:33","modified_gmt":"2025-12-28T16:29:33","slug":"whats-goin-on-in-brazil-4-haendig-noten","status":"publish","type":"product","link":"https:\/\/philippscheucher.com\/en\/product\/whats-goin-on-in-brazil-4-haendig-noten\/","title":{"rendered":"What's goin' on in Brazil (4 hands)- Sheet music"},"content":{"rendered":"<p>[:de]Die Noten des Soundtracks &#8222;What&#8217;s goin&#8216; on in Brazil&#8220; sind nun auch in der vierh\u00e4ndigen Fassung als Ragtime-Version im PDF-Format erh\u00e4ltlich, welcher Bud Spencer und Terrence Hill im Film &#8222;Vier F\u00e4uste gegen Rio&#8220; (1984) begleitet.<\/p>\n<p>Viel Spa\u00df![:en]The sheet music of my ragtime version of the soundtrack &#8222;What&#8217;s goin&#8216; on in Brazil&#8220; are now also available as a four-hands version, which accompanies Bud Spencer and Terrence Hill in their movie &#8222;Double Trouble&#8220; (1984).<\/p>\n<p>Have fun![:]<\/p>","protected":false},"excerpt":{"rendered":"<p>[:de]<strong>What&#8217;s goin&#8216; on in Brazil<\/strong><br \/>\nf\u00fcr Klavier vierh\u00e4ndig (4 H\u00e4nde, ein Klavier)<\/p>\n<p>Arrangiert von Philipp Scheucher<br \/>\nRagtime-Version[:en]<strong>What&#8217;s goin&#8216; on in Brazil<\/strong><br \/>\nfor piano four hands (4 hands, one piano)<\/p>\n<p>Arranged by Philipp Scheucher<br \/>\nRagtime version[:]<\/p>","protected":false},"featured_media":369,"comment_status":"open","ping_status":"closed","template":"","meta":[],"product_brand":[],"product_cat":[26],"product_tag":[],"class_list":{"0":"post-2200","1":"product","2":"type-product","3":"status-publish","4":"has-post-thumbnail","6":"product_cat-sheetmusic","8":"first","9":"instock","10":"sale","11":"downloadable","12":"virtual","13":"purchasable","14":"product-type-simple"},"_links":{"self":[{"href":"https:\/\/philippscheucher.com\/en\/wp-json\/wp\/v2\/product\/2200","targetHints":{"allow":["GET"]}}],"collection":[{"href":"https:\/\/philippscheucher.com\/en\/wp-json\/wp\/v2\/product"}],"about":[{"href":"https:\/\/philippscheucher.com\/en\/wp-json\/wp\/v2\/types\/product"}],"replies":[{"embeddable":true,"href":"https:\/\/philippscheucher.com\/en\/wp-json\/wp\/v2\/comments?post=2200"}],"wp:featuredmedia":[{"embeddable":true,"href":"https:\/\/philippscheucher.com\/en\/wp-json\/wp\/v2\/media\/369"}],"wp:attachment":[{"href":"https:\/\/philippscheucher.com\/en\/wp-json\/wp\/v2\/media?parent=2200"}],"wp:term":[{"taxonomy":"product_brand","embeddable":true,"href":"https:\/\/philippscheucher.com\/en\/wp-json\/wp\/v2\/product_brand?post=2200"},{"taxonomy":"product_cat","embeddable":true,"href":"https:\/\/philippscheucher.com\/en\/wp-json\/wp\/v2\/product_cat?post=2200"},{"taxonomy":"product_tag","embeddable":true,"href":"https:\/\/philippscheucher.com\/en\/wp-json\/wp\/v2\/product_tag?post=2200"}],"curies":[{"name":"wp","href":"https:\/\/api.w.org\/{rel}","templated":true}]}}