{"id":2206,"date":"2023-02-06T20:52:28","date_gmt":"2023-02-06T20:52:28","guid":{"rendered":"https:\/\/philippscheucher.com\/?post_type=product&#038;p=2206"},"modified":"2025-12-28T16:28:56","modified_gmt":"2025-12-28T16:28:56","slug":"i-got-rhythm-4-haendig-noten","status":"publish","type":"product","link":"https:\/\/philippscheucher.com\/en\/product\/i-got-rhythm-4-haendig-noten\/","title":{"rendered":"I got rhythm (4 hands) - Sheet music"},"content":{"rendered":"<p>[:de]Erleben Sie George Gershwins Meisterwerk &#8222;I Got Rhythm&#8220; in einer aufregenden Dimension mit dieser vierh\u00e4ndigen Version. Dieses Arrangement, speziell f\u00fcr zwei Pianisten an einem Klavier konzipiert, gibt die jazzige Frische und Leichtigkeit wieder und ist perfekt als Zugabe f\u00fcr Konzerte oder eine kleine musikalische Herausforderung f\u00fcr zwei Musiker am Klavier.[:en]Experience George Gershwin&#8217;s masterpiece &#8222;I Got Rhythm&#8220; in an exciting dimension with this four-hands version. This arrangement, specially designed for two pianists on one piano reproduces the jazzy freshness and lightness and is perfect as an encore for concerts or simply a little musical challenge for two musicians on the piano.[:]<\/p>","protected":false},"excerpt":{"rendered":"<p>[:de]<strong>I got rhythm<\/strong><br \/>\nf\u00fcr Klavier vierh\u00e4ndig (4 H\u00e4nde, ein Klavier)<\/p>\n<p>Arrangiert von Philipp Scheucher<br \/>\nOriginal von George Gershwin<br \/>\njazzige Version[:en]<strong>I got rhythm<\/strong><br \/>\nfor piano four hands (4 hands, one piano)<\/p>\n<p>Arranged by Philipp Scheucher<br \/>\nOriginal by George Gerswhin<br \/>\njazzy version[:]<\/p>","protected":false},"featured_media":2207,"comment_status":"open","ping_status":"closed","template":"","meta":[],"product_brand":[],"product_cat":[26],"product_tag":[],"class_list":{"0":"post-2206","1":"product","2":"type-product","3":"status-publish","4":"has-post-thumbnail","6":"product_cat-sheetmusic","8":"first","9":"instock","10":"sale","11":"downloadable","12":"virtual","13":"purchasable","14":"product-type-simple"},"_links":{"self":[{"href":"https:\/\/philippscheucher.com\/en\/wp-json\/wp\/v2\/product\/2206","targetHints":{"allow":["GET"]}}],"collection":[{"href":"https:\/\/philippscheucher.com\/en\/wp-json\/wp\/v2\/product"}],"about":[{"href":"https:\/\/philippscheucher.com\/en\/wp-json\/wp\/v2\/types\/product"}],"replies":[{"embeddable":true,"href":"https:\/\/philippscheucher.com\/en\/wp-json\/wp\/v2\/comments?post=2206"}],"wp:featuredmedia":[{"embeddable":true,"href":"https:\/\/philippscheucher.com\/en\/wp-json\/wp\/v2\/media\/2207"}],"wp:attachment":[{"href":"https:\/\/philippscheucher.com\/en\/wp-json\/wp\/v2\/media?parent=2206"}],"wp:term":[{"taxonomy":"product_brand","embeddable":true,"href":"https:\/\/philippscheucher.com\/en\/wp-json\/wp\/v2\/product_brand?post=2206"},{"taxonomy":"product_cat","embeddable":true,"href":"https:\/\/philippscheucher.com\/en\/wp-json\/wp\/v2\/product_cat?post=2206"},{"taxonomy":"product_tag","embeddable":true,"href":"https:\/\/philippscheucher.com\/en\/wp-json\/wp\/v2\/product_tag?post=2206"}],"curies":[{"name":"wp","href":"https:\/\/api.w.org\/{rel}","templated":true}]}}