{"id":2701,"date":"2024-12-12T21:59:40","date_gmt":"2024-12-12T21:59:40","guid":{"rendered":"https:\/\/philippscheucher.com\/?post_type=product&#038;p=2701"},"modified":"2025-02-28T09:59:16","modified_gmt":"2025-02-28T09:59:16","slug":"pre-release-odyssey","status":"publish","type":"product","link":"https:\/\/philippscheucher.com\/en\/product\/pre-release-odyssey\/","title":{"rendered":"ODYSSEY"},"content":{"rendered":"<p>[:de]Ab jetzt erh\u00e4ltlich!<\/p>\n<p>Begleiten Sie den \u00f6sterreichischen Pianisten Philipp Scheucher und die franz\u00f6sisch-niederl\u00e4ndische Geigerin <a href=\"https:\/\/www.cosimasoulezlariviere.com\/\" target=\"_blank\" rel=\"noopener\">Cosima Soulez Larivi\u00e8re<\/a> auf eine klangliche Odyssee durch die Welt der klassischen Musik.<\/p>\n<p>Ihre gemeinsame CD \u201eODYSSEY\u201c pr\u00e4sentiert eine faszinierende Auswahl selten gespielter Werke von den Komponisten Karol Szymanowski, John Corigliano, Paul Hindemith und Kevin Puts. Erleben Sie die einzigartige Verbindung von Tradition und Moderne, w\u00e4hrend diese jungen Musiker ihr au\u00dfergew\u00f6hnliches Talent und ihre musikalische Sensibilit\u00e4t entfalten. Tauchen Sie ein in eine Welt voller Emotionen, Virtuosit\u00e4t und musikalischer Entdeckungen auf dieser fesselnden Reise durch die Kl\u00e4nge der &#8222;Odyssee&#8220;. Die CD bietet eine einzigartige Verbindung von Tradition und Moderne in der klassischen Musik und l\u00e4dt die Zuh\u00f6rer auf eine emotionale und klangliche Reise ein.<\/p>\n<p><span style=\"font-size: 8pt;\">*Offizieller Release des Albums 28.02.2025.<\/span>[:en]Now available!<\/p>\n<p>Accompany the Austrian pianist Philipp Scheucher and the French-Dutch violinist <a href=\"https:\/\/www.cosimasoulezlariviere.com\/\" target=\"_blank\" rel=\"noopener\">Cosima Soulez Larivi\u00e8re<\/a> on a sonic odyssey through the world of classical music.<\/p>\n<p>Their joint CD \u201cODYSSEY\u201d presents a fascinating selection of rarely performed works by the composers Karol Szymanowski, John Corigliano, Paul Hindemith and Kevin Puts. Experience the unique combination of tradition and modernity as these young musicians display their extraordinary talent and musical sensitivity. Immerse yourself in a world of emotion, virtuosity and musical discovery on this captivating journey through the sounds of the \u201cOdyssey\u201d. The CD offers a unique combination of tradition and modernity in classical music and invites the listener on an emotional and sonic journey.<\/p>\n<p><span style=\"font-size: 8pt;\">*Official release of the album 28.02.2025.<\/span>[:]<\/p>","protected":false},"excerpt":{"rendered":"<p>[:de]<strong>&#8222;ODYSSEY&#8220;<\/strong><\/p>\n<p>CD von Philipp Scheucher (Klavier) und Cosima Soulez Larivi\u00e8re (Violine)<br \/>\n\u00a9 2025 Gramola<br \/>\nmit Werken von Karol Szymanowski, Paul Hindemith, John Corigliano und Kevin Puts[:en]<strong>&#8222;ODYSSEY&#8220;<\/strong><\/p>\n<p>CD with Philipp Scheucher (piano) and Cosima Soulez Larivi\u00e8re (violin)<br \/>\n\u00a9 2025 Gramola<br \/>\nwith works by Karol Szymanowski, Paul Hindemith, John Corigliano and Kevin Puts[:]<\/p>","protected":false},"featured_media":2700,"comment_status":"open","ping_status":"closed","template":"","meta":[],"product_brand":[],"product_cat":[30],"product_tag":[],"class_list":{"0":"post-2701","1":"product","2":"type-product","3":"status-publish","4":"has-post-thumbnail","6":"product_cat-cd","8":"first","9":"instock","10":"shipping-taxable","11":"purchasable","12":"product-type-simple"},"_links":{"self":[{"href":"https:\/\/philippscheucher.com\/en\/wp-json\/wp\/v2\/product\/2701","targetHints":{"allow":["GET"]}}],"collection":[{"href":"https:\/\/philippscheucher.com\/en\/wp-json\/wp\/v2\/product"}],"about":[{"href":"https:\/\/philippscheucher.com\/en\/wp-json\/wp\/v2\/types\/product"}],"replies":[{"embeddable":true,"href":"https:\/\/philippscheucher.com\/en\/wp-json\/wp\/v2\/comments?post=2701"}],"wp:featuredmedia":[{"embeddable":true,"href":"https:\/\/philippscheucher.com\/en\/wp-json\/wp\/v2\/media\/2700"}],"wp:attachment":[{"href":"https:\/\/philippscheucher.com\/en\/wp-json\/wp\/v2\/media?parent=2701"}],"wp:term":[{"taxonomy":"product_brand","embeddable":true,"href":"https:\/\/philippscheucher.com\/en\/wp-json\/wp\/v2\/product_brand?post=2701"},{"taxonomy":"product_cat","embeddable":true,"href":"https:\/\/philippscheucher.com\/en\/wp-json\/wp\/v2\/product_cat?post=2701"},{"taxonomy":"product_tag","embeddable":true,"href":"https:\/\/philippscheucher.com\/en\/wp-json\/wp\/v2\/product_tag?post=2701"}],"curies":[{"name":"wp","href":"https:\/\/api.w.org\/{rel}","templated":true}]}}